{"id":18658,"date":"2025-04-25T12:28:38","date_gmt":"2025-04-25T10:28:38","guid":{"rendered":"https:\/\/www.webszkolenie.pl\/?page_id=18658"},"modified":"2025-05-11T13:36:35","modified_gmt":"2025-05-11T11:36:35","slug":"szkolenia-dla-kucharzy","status":"publish","type":"page","link":"https:\/\/www.webszkolenie.pl\/staging-webszkol?page_id=18658","title":{"rendered":"Szkolenie z zakresu bezpiecze\u0144stwa \u017cywno\u015bci dla bran\u017cy HORECA"},"content":{"rendered":"","protected":false},"excerpt":{"rendered":"","protected":false},"author":93760,"featured_media":0,"parent":0,"menu_order":0,"comment_status":"closed","ping_status":"closed","template":"","meta":{"_acf_changed":false,"footnotes":""},"acf":[],"yoast_head":"<!-- This site is optimized with the Yoast SEO plugin v22.6 - https:\/\/yoast.com\/wordpress\/plugins\/seo\/ -->\n<title>SZKOLENIE ONLINE HACCP DLA BRAN\u017bY HORECA<\/title>\n<meta name=\"description\" content=\"HACCP online jest przeznaczony dla szef\u00f3w kuchni i ca\u0142ej bran\u017cy HORECA. Poznaj podstawy higieny \u017cywno\u015bci ju\u017c dzi\u015b!\" \/>\n<meta name=\"robots\" content=\"noindex, follow, max-snippet:-1, max-image-preview:large, max-video-preview:-1\" \/>\n<meta property=\"og:locale\" content=\"pl_PL\" \/>\n<meta property=\"og:type\" content=\"article\" \/>\n<meta property=\"og:title\" content=\"SZKOLENIE ONLINE HACCP DLA BRAN\u017bY HORECA\" \/>\n<meta property=\"og:description\" content=\"HACCP online jest przeznaczony dla szef\u00f3w kuchni i ca\u0142ej bran\u017cy HORECA. Poznaj podstawy higieny \u017cywno\u015bci ju\u017c dzi\u015b!\" \/>\n<meta property=\"og:url\" content=\"https:\/\/www.webszkolenie.pl\/staging-webszkol\/szkolenia-dla-kucharzy\/\" \/>\n<meta property=\"og:site_name\" content=\"Webszkolenie\" \/>\n<meta property=\"article:modified_time\" content=\"2025-05-11T11:36:35+00:00\" \/>\n<meta name=\"twitter:card\" content=\"summary_large_image\" \/>\n<script type=\"application\/ld+json\" class=\"yoast-schema-graph\">{\"@context\":\"https:\/\/schema.org\",\"@graph\":[{\"@type\":\"WebPage\",\"@id\":\"https:\/\/www.webszkolenie.pl\/staging-webszkol?page_id=18658\",\"url\":\"https:\/\/www.webszkolenie.pl\/staging-webszkol\/szkolenia-dla-kucharzy\/\",\"name\":\"SZKOLENIE ONLINE HACCP DLA BRAN\u017bY HORECA\",\"isPartOf\":{\"@id\":\"https:\/\/www.webszkolenie.pl\/staging-webszkol\/en\/#website\"},\"datePublished\":\"2025-04-25T10:28:38+00:00\",\"dateModified\":\"2025-05-11T11:36:35+00:00\",\"description\":\"HACCP online jest przeznaczony dla szef\u00f3w kuchni i ca\u0142ej bran\u017cy HORECA. Poznaj podstawy higieny \u017cywno\u015bci ju\u017c dzi\u015b!\",\"breadcrumb\":{\"@id\":\"https:\/\/www.webszkolenie.pl\/staging-webszkol\/szkolenia-dla-kucharzy\/#breadcrumb\"},\"inLanguage\":\"pl-PL\",\"potentialAction\":[{\"@type\":\"ReadAction\",\"target\":[\"https:\/\/www.webszkolenie.pl\/staging-webszkol\/szkolenia-dla-kucharzy\/\"]}]},{\"@type\":\"BreadcrumbList\",\"@id\":\"https:\/\/www.webszkolenie.pl\/staging-webszkol\/szkolenia-dla-kucharzy\/#breadcrumb\",\"itemListElement\":[{\"@type\":\"ListItem\",\"position\":1,\"name\":\"Home\",\"item\":\"https:\/\/www.webszkolenie.pl\/staging-webszkol\"},{\"@type\":\"ListItem\",\"position\":2,\"name\":\"Szkolenie z zakresu bezpiecze\u0144stwa \u017cywno\u015bci dla bran\u017cy HORECA\"}]},{\"@type\":\"WebSite\",\"@id\":\"https:\/\/www.webszkolenie.pl\/staging-webszkol\/en\/#website\",\"url\":\"https:\/\/www.webszkolenie.pl\/staging-webszkol\/en\/\",\"name\":\"Webszkolenie\",\"description\":\"Szkolenia HACCP\",\"publisher\":{\"@id\":\"https:\/\/www.webszkolenie.pl\/staging-webszkol\/en\/#organization\"},\"potentialAction\":[{\"@type\":\"SearchAction\",\"target\":{\"@type\":\"EntryPoint\",\"urlTemplate\":\"https:\/\/www.webszkolenie.pl\/staging-webszkol\/en\/?s={search_term_string}\"},\"query-input\":\"required name=search_term_string\"}],\"inLanguage\":\"pl-PL\"},{\"@type\":\"Organization\",\"@id\":\"https:\/\/www.webszkolenie.pl\/staging-webszkol\/en\/#organization\",\"name\":\"Webskolenie\",\"url\":\"https:\/\/www.webszkolenie.pl\/staging-webszkol\/en\/\",\"logo\":{\"@type\":\"ImageObject\",\"inLanguage\":\"pl-PL\",\"@id\":\"https:\/\/www.webszkolenie.pl\/staging-webszkol\/en\/#\/schema\/logo\/image\/\",\"url\":\"https:\/\/www.webszkolenie.pl\/staging-webszkol\/wp-content\/uploads\/2021\/03\/haccp-online-logo-1.png\",\"contentUrl\":\"https:\/\/www.webszkolenie.pl\/staging-webszkol\/wp-content\/uploads\/2021\/03\/haccp-online-logo-1.png\",\"width\":130,\"height\":129,\"caption\":\"Webskolenie\"},\"image\":{\"@id\":\"https:\/\/www.webszkolenie.pl\/staging-webszkol\/en\/#\/schema\/logo\/image\/\"}}]}<\/script>\n<!-- \/ Yoast SEO plugin. -->","yoast_head_json":{"title":"SZKOLENIE ONLINE HACCP DLA BRAN\u017bY HORECA","description":"HACCP online jest przeznaczony dla szef\u00f3w kuchni i ca\u0142ej bran\u017cy HORECA. Poznaj podstawy higieny \u017cywno\u015bci ju\u017c dzi\u015b!","robots":{"index":"noindex","follow":"follow","max-snippet":"max-snippet:-1","max-image-preview":"max-image-preview:large","max-video-preview":"max-video-preview:-1"},"og_locale":"pl_PL","og_type":"article","og_title":"SZKOLENIE ONLINE HACCP DLA BRAN\u017bY HORECA","og_description":"HACCP online jest przeznaczony dla szef\u00f3w kuchni i ca\u0142ej bran\u017cy HORECA. Poznaj podstawy higieny \u017cywno\u015bci ju\u017c dzi\u015b!","og_url":"https:\/\/www.webszkolenie.pl\/staging-webszkol\/szkolenia-dla-kucharzy\/","og_site_name":"Webszkolenie","article_modified_time":"2025-05-11T11:36:35+00:00","twitter_card":"summary_large_image","schema":{"@context":"https:\/\/schema.org","@graph":[{"@type":"WebPage","@id":"https:\/\/www.webszkolenie.pl\/staging-webszkol?page_id=18658","url":"https:\/\/www.webszkolenie.pl\/staging-webszkol\/szkolenia-dla-kucharzy\/","name":"SZKOLENIE ONLINE HACCP DLA BRAN\u017bY HORECA","isPartOf":{"@id":"https:\/\/www.webszkolenie.pl\/staging-webszkol\/en\/#website"},"datePublished":"2025-04-25T10:28:38+00:00","dateModified":"2025-05-11T11:36:35+00:00","description":"HACCP online jest przeznaczony dla szef\u00f3w kuchni i ca\u0142ej bran\u017cy HORECA. Poznaj podstawy higieny \u017cywno\u015bci ju\u017c dzi\u015b!","breadcrumb":{"@id":"https:\/\/www.webszkolenie.pl\/staging-webszkol\/szkolenia-dla-kucharzy\/#breadcrumb"},"inLanguage":"pl-PL","potentialAction":[{"@type":"ReadAction","target":["https:\/\/www.webszkolenie.pl\/staging-webszkol\/szkolenia-dla-kucharzy\/"]}]},{"@type":"BreadcrumbList","@id":"https:\/\/www.webszkolenie.pl\/staging-webszkol\/szkolenia-dla-kucharzy\/#breadcrumb","itemListElement":[{"@type":"ListItem","position":1,"name":"Home","item":"https:\/\/www.webszkolenie.pl\/staging-webszkol"},{"@type":"ListItem","position":2,"name":"Szkolenie z zakresu bezpiecze\u0144stwa \u017cywno\u015bci dla bran\u017cy HORECA"}]},{"@type":"WebSite","@id":"https:\/\/www.webszkolenie.pl\/staging-webszkol\/en\/#website","url":"https:\/\/www.webszkolenie.pl\/staging-webszkol\/en\/","name":"Webszkolenie","description":"Szkolenia HACCP","publisher":{"@id":"https:\/\/www.webszkolenie.pl\/staging-webszkol\/en\/#organization"},"potentialAction":[{"@type":"SearchAction","target":{"@type":"EntryPoint","urlTemplate":"https:\/\/www.webszkolenie.pl\/staging-webszkol\/en\/?s={search_term_string}"},"query-input":"required name=search_term_string"}],"inLanguage":"pl-PL"},{"@type":"Organization","@id":"https:\/\/www.webszkolenie.pl\/staging-webszkol\/en\/#organization","name":"Webskolenie","url":"https:\/\/www.webszkolenie.pl\/staging-webszkol\/en\/","logo":{"@type":"ImageObject","inLanguage":"pl-PL","@id":"https:\/\/www.webszkolenie.pl\/staging-webszkol\/en\/#\/schema\/logo\/image\/","url":"https:\/\/www.webszkolenie.pl\/staging-webszkol\/wp-content\/uploads\/2021\/03\/haccp-online-logo-1.png","contentUrl":"https:\/\/www.webszkolenie.pl\/staging-webszkol\/wp-content\/uploads\/2021\/03\/haccp-online-logo-1.png","width":130,"height":129,"caption":"Webskolenie"},"image":{"@id":"https:\/\/www.webszkolenie.pl\/staging-webszkol\/en\/#\/schema\/logo\/image\/"}}]}},"_links":{"self":[{"href":"https:\/\/www.webszkolenie.pl\/staging-webszkol\/index.php?rest_route=\/wp\/v2\/pages\/18658"}],"collection":[{"href":"https:\/\/www.webszkolenie.pl\/staging-webszkol\/index.php?rest_route=\/wp\/v2\/pages"}],"about":[{"href":"https:\/\/www.webszkolenie.pl\/staging-webszkol\/index.php?rest_route=\/wp\/v2\/types\/page"}],"author":[{"embeddable":true,"href":"https:\/\/www.webszkolenie.pl\/staging-webszkol\/index.php?rest_route=\/wp\/v2\/users\/93760"}],"replies":[{"embeddable":true,"href":"https:\/\/www.webszkolenie.pl\/staging-webszkol\/index.php?rest_route=%2Fwp%2Fv2%2Fcomments&post=18658"}],"version-history":[{"count":3,"href":"https:\/\/www.webszkolenie.pl\/staging-webszkol\/index.php?rest_route=\/wp\/v2\/pages\/18658\/revisions"}],"predecessor-version":[{"id":18670,"href":"https:\/\/www.webszkolenie.pl\/staging-webszkol\/index.php?rest_route=\/wp\/v2\/pages\/18658\/revisions\/18670"}],"wp:attachment":[{"href":"https:\/\/www.webszkolenie.pl\/staging-webszkol\/index.php?rest_route=%2Fwp%2Fv2%2Fmedia&parent=18658"}],"curies":[{"name":"wp","href":"https:\/\/api.w.org\/{rel}","templated":true}]}}