{"id":18719,"date":"2025-05-30T16:32:23","date_gmt":"2025-05-30T14:32:23","guid":{"rendered":"https:\/\/www.webszkolenie.pl\/?page_id=18719"},"modified":"2025-06-19T18:05:46","modified_gmt":"2025-06-19T16:05:46","slug":"kurs-haccp-online-dla-stolowki","status":"publish","type":"page","link":"https:\/\/www.webszkolenie.pl\/staging-webszkol?page_id=18719","title":{"rendered":"Szkolenie HACCP online dla sto\u0142\u00f3wek &#8211; kurs online dla ekspert\u00f3w bezpiecze\u0144stwa \u017cywno\u015bci"},"content":{"rendered":"","protected":false},"excerpt":{"rendered":"","protected":false},"author":93760,"featured_media":0,"parent":0,"menu_order":0,"comment_status":"closed","ping_status":"closed","template":"","meta":{"_acf_changed":false,"footnotes":""},"acf":[],"yoast_head":"<!-- This site is optimized with the Yoast SEO plugin v22.6 - https:\/\/yoast.com\/wordpress\/plugins\/seo\/ -->\n<title>Kurs HACCP online dla sto\u0142\u00f3wki<\/title>\n<meta name=\"description\" content=\"Zdob\u0105d\u017a dog\u0142\u0119bn\u0105 wiedz\u0119 dzi\u0119ki szkoleniu online HACCP. Rozpocznij kurs HACCP online ju\u017c dzi\u015b! ZAM\u00d3W TUTAJ!\" \/>\n<meta name=\"robots\" content=\"noindex, follow, max-snippet:-1, max-image-preview:large, max-video-preview:-1\" \/>\n<meta property=\"og:locale\" content=\"pl_PL\" \/>\n<meta property=\"og:type\" content=\"article\" \/>\n<meta property=\"og:title\" content=\"Kurs HACCP online dla sto\u0142\u00f3wki\" \/>\n<meta property=\"og:description\" content=\"Zdob\u0105d\u017a dog\u0142\u0119bn\u0105 wiedz\u0119 dzi\u0119ki szkoleniu online HACCP. Rozpocznij kurs HACCP online ju\u017c dzi\u015b! ZAM\u00d3W TUTAJ!\" \/>\n<meta property=\"og:url\" content=\"https:\/\/www.webszkolenie.pl\/staging-webszkol\/kurs-haccp-online-dla-stolowki\/\" \/>\n<meta property=\"og:site_name\" content=\"Webszkolenie\" \/>\n<meta property=\"article:modified_time\" content=\"2025-06-19T16:05:46+00:00\" \/>\n<meta name=\"twitter:card\" content=\"summary_large_image\" \/>\n<script type=\"application\/ld+json\" class=\"yoast-schema-graph\">{\"@context\":\"https:\/\/schema.org\",\"@graph\":[{\"@type\":\"WebPage\",\"@id\":\"https:\/\/www.webszkolenie.pl\/staging-webszkol?page_id=18719\",\"url\":\"https:\/\/www.webszkolenie.pl\/staging-webszkol\/kurs-haccp-online-dla-stolowki\/\",\"name\":\"Kurs HACCP online dla sto\u0142\u00f3wki\",\"isPartOf\":{\"@id\":\"https:\/\/www.webszkolenie.pl\/staging-webszkol\/en\/#website\"},\"datePublished\":\"2025-05-30T14:32:23+00:00\",\"dateModified\":\"2025-06-19T16:05:46+00:00\",\"description\":\"Zdob\u0105d\u017a dog\u0142\u0119bn\u0105 wiedz\u0119 dzi\u0119ki szkoleniu online HACCP. Rozpocznij kurs HACCP online ju\u017c dzi\u015b! ZAM\u00d3W TUTAJ!\",\"breadcrumb\":{\"@id\":\"https:\/\/www.webszkolenie.pl\/staging-webszkol\/kurs-haccp-online-dla-stolowki\/#breadcrumb\"},\"inLanguage\":\"pl-PL\",\"potentialAction\":[{\"@type\":\"ReadAction\",\"target\":[\"https:\/\/www.webszkolenie.pl\/staging-webszkol\/kurs-haccp-online-dla-stolowki\/\"]}]},{\"@type\":\"BreadcrumbList\",\"@id\":\"https:\/\/www.webszkolenie.pl\/staging-webszkol\/kurs-haccp-online-dla-stolowki\/#breadcrumb\",\"itemListElement\":[{\"@type\":\"ListItem\",\"position\":1,\"name\":\"Home\",\"item\":\"https:\/\/www.webszkolenie.pl\/staging-webszkol\"},{\"@type\":\"ListItem\",\"position\":2,\"name\":\"Szkolenie HACCP online dla sto\u0142\u00f3wek &#8211; kurs online dla ekspert\u00f3w bezpiecze\u0144stwa \u017cywno\u015bci\"}]},{\"@type\":\"WebSite\",\"@id\":\"https:\/\/www.webszkolenie.pl\/staging-webszkol\/en\/#website\",\"url\":\"https:\/\/www.webszkolenie.pl\/staging-webszkol\/en\/\",\"name\":\"Webszkolenie\",\"description\":\"Szkolenia HACCP\",\"publisher\":{\"@id\":\"https:\/\/www.webszkolenie.pl\/staging-webszkol\/en\/#organization\"},\"potentialAction\":[{\"@type\":\"SearchAction\",\"target\":{\"@type\":\"EntryPoint\",\"urlTemplate\":\"https:\/\/www.webszkolenie.pl\/staging-webszkol\/en\/?s={search_term_string}\"},\"query-input\":\"required name=search_term_string\"}],\"inLanguage\":\"pl-PL\"},{\"@type\":\"Organization\",\"@id\":\"https:\/\/www.webszkolenie.pl\/staging-webszkol\/en\/#organization\",\"name\":\"Webskolenie\",\"url\":\"https:\/\/www.webszkolenie.pl\/staging-webszkol\/en\/\",\"logo\":{\"@type\":\"ImageObject\",\"inLanguage\":\"pl-PL\",\"@id\":\"https:\/\/www.webszkolenie.pl\/staging-webszkol\/en\/#\/schema\/logo\/image\/\",\"url\":\"https:\/\/www.webszkolenie.pl\/staging-webszkol\/wp-content\/uploads\/2021\/03\/haccp-online-logo-1.png\",\"contentUrl\":\"https:\/\/www.webszkolenie.pl\/staging-webszkol\/wp-content\/uploads\/2021\/03\/haccp-online-logo-1.png\",\"width\":130,\"height\":129,\"caption\":\"Webskolenie\"},\"image\":{\"@id\":\"https:\/\/www.webszkolenie.pl\/staging-webszkol\/en\/#\/schema\/logo\/image\/\"}}]}<\/script>\n<!-- \/ Yoast SEO plugin. -->","yoast_head_json":{"title":"Kurs HACCP online dla sto\u0142\u00f3wki","description":"Zdob\u0105d\u017a dog\u0142\u0119bn\u0105 wiedz\u0119 dzi\u0119ki szkoleniu online HACCP. Rozpocznij kurs HACCP online ju\u017c dzi\u015b! ZAM\u00d3W TUTAJ!","robots":{"index":"noindex","follow":"follow","max-snippet":"max-snippet:-1","max-image-preview":"max-image-preview:large","max-video-preview":"max-video-preview:-1"},"og_locale":"pl_PL","og_type":"article","og_title":"Kurs HACCP online dla sto\u0142\u00f3wki","og_description":"Zdob\u0105d\u017a dog\u0142\u0119bn\u0105 wiedz\u0119 dzi\u0119ki szkoleniu online HACCP. Rozpocznij kurs HACCP online ju\u017c dzi\u015b! ZAM\u00d3W TUTAJ!","og_url":"https:\/\/www.webszkolenie.pl\/staging-webszkol\/kurs-haccp-online-dla-stolowki\/","og_site_name":"Webszkolenie","article_modified_time":"2025-06-19T16:05:46+00:00","twitter_card":"summary_large_image","schema":{"@context":"https:\/\/schema.org","@graph":[{"@type":"WebPage","@id":"https:\/\/www.webszkolenie.pl\/staging-webszkol?page_id=18719","url":"https:\/\/www.webszkolenie.pl\/staging-webszkol\/kurs-haccp-online-dla-stolowki\/","name":"Kurs HACCP online dla sto\u0142\u00f3wki","isPartOf":{"@id":"https:\/\/www.webszkolenie.pl\/staging-webszkol\/en\/#website"},"datePublished":"2025-05-30T14:32:23+00:00","dateModified":"2025-06-19T16:05:46+00:00","description":"Zdob\u0105d\u017a dog\u0142\u0119bn\u0105 wiedz\u0119 dzi\u0119ki szkoleniu online HACCP. Rozpocznij kurs HACCP online ju\u017c dzi\u015b! ZAM\u00d3W TUTAJ!","breadcrumb":{"@id":"https:\/\/www.webszkolenie.pl\/staging-webszkol\/kurs-haccp-online-dla-stolowki\/#breadcrumb"},"inLanguage":"pl-PL","potentialAction":[{"@type":"ReadAction","target":["https:\/\/www.webszkolenie.pl\/staging-webszkol\/kurs-haccp-online-dla-stolowki\/"]}]},{"@type":"BreadcrumbList","@id":"https:\/\/www.webszkolenie.pl\/staging-webszkol\/kurs-haccp-online-dla-stolowki\/#breadcrumb","itemListElement":[{"@type":"ListItem","position":1,"name":"Home","item":"https:\/\/www.webszkolenie.pl\/staging-webszkol"},{"@type":"ListItem","position":2,"name":"Szkolenie HACCP online dla sto\u0142\u00f3wek &#8211; kurs online dla ekspert\u00f3w bezpiecze\u0144stwa \u017cywno\u015bci"}]},{"@type":"WebSite","@id":"https:\/\/www.webszkolenie.pl\/staging-webszkol\/en\/#website","url":"https:\/\/www.webszkolenie.pl\/staging-webszkol\/en\/","name":"Webszkolenie","description":"Szkolenia HACCP","publisher":{"@id":"https:\/\/www.webszkolenie.pl\/staging-webszkol\/en\/#organization"},"potentialAction":[{"@type":"SearchAction","target":{"@type":"EntryPoint","urlTemplate":"https:\/\/www.webszkolenie.pl\/staging-webszkol\/en\/?s={search_term_string}"},"query-input":"required name=search_term_string"}],"inLanguage":"pl-PL"},{"@type":"Organization","@id":"https:\/\/www.webszkolenie.pl\/staging-webszkol\/en\/#organization","name":"Webskolenie","url":"https:\/\/www.webszkolenie.pl\/staging-webszkol\/en\/","logo":{"@type":"ImageObject","inLanguage":"pl-PL","@id":"https:\/\/www.webszkolenie.pl\/staging-webszkol\/en\/#\/schema\/logo\/image\/","url":"https:\/\/www.webszkolenie.pl\/staging-webszkol\/wp-content\/uploads\/2021\/03\/haccp-online-logo-1.png","contentUrl":"https:\/\/www.webszkolenie.pl\/staging-webszkol\/wp-content\/uploads\/2021\/03\/haccp-online-logo-1.png","width":130,"height":129,"caption":"Webskolenie"},"image":{"@id":"https:\/\/www.webszkolenie.pl\/staging-webszkol\/en\/#\/schema\/logo\/image\/"}}]}},"_links":{"self":[{"href":"https:\/\/www.webszkolenie.pl\/staging-webszkol\/index.php?rest_route=\/wp\/v2\/pages\/18719"}],"collection":[{"href":"https:\/\/www.webszkolenie.pl\/staging-webszkol\/index.php?rest_route=\/wp\/v2\/pages"}],"about":[{"href":"https:\/\/www.webszkolenie.pl\/staging-webszkol\/index.php?rest_route=\/wp\/v2\/types\/page"}],"author":[{"embeddable":true,"href":"https:\/\/www.webszkolenie.pl\/staging-webszkol\/index.php?rest_route=\/wp\/v2\/users\/93760"}],"replies":[{"embeddable":true,"href":"https:\/\/www.webszkolenie.pl\/staging-webszkol\/index.php?rest_route=%2Fwp%2Fv2%2Fcomments&post=18719"}],"version-history":[{"count":3,"href":"https:\/\/www.webszkolenie.pl\/staging-webszkol\/index.php?rest_route=\/wp\/v2\/pages\/18719\/revisions"}],"predecessor-version":[{"id":18757,"href":"https:\/\/www.webszkolenie.pl\/staging-webszkol\/index.php?rest_route=\/wp\/v2\/pages\/18719\/revisions\/18757"}],"wp:attachment":[{"href":"https:\/\/www.webszkolenie.pl\/staging-webszkol\/index.php?rest_route=%2Fwp%2Fv2%2Fmedia&parent=18719"}],"curies":[{"name":"wp","href":"https:\/\/api.w.org\/{rel}","templated":true}]}}