{"id":18794,"date":"2025-07-03T10:36:40","date_gmt":"2025-07-03T08:36:40","guid":{"rendered":"https:\/\/www.webszkolenie.pl\/?page_id=18794"},"modified":"2025-08-02T15:00:52","modified_gmt":"2025-08-02T13:00:52","slug":"dla-piekarni-szkolenie-haccp-online","status":"publish","type":"page","link":"https:\/\/www.webszkolenie.pl\/staging-webszkol?page_id=18794","title":{"rendered":"Dlaczego warto wybra\u0107 SZKOLENIE HACCP ONLINE DLA PIEKARNI?"},"content":{"rendered":"","protected":false},"excerpt":{"rendered":"","protected":false},"author":93760,"featured_media":0,"parent":0,"menu_order":0,"comment_status":"closed","ping_status":"closed","template":"","meta":{"_acf_changed":false,"footnotes":""},"acf":[],"yoast_head":"<!-- This site is optimized with the Yoast SEO plugin v22.6 - https:\/\/yoast.com\/wordpress\/plugins\/seo\/ -->\n<title>Dlaczego SZKOLENIE HACCP ONLINE DLA PIEKARNI<\/title>\n<meta name=\"description\" content=\"SZKOLENIE ONLINE HACCP DLA PRACOWNIK\u00d3W PIEKARNI to klucz do zwi\u0119kszenia jako\u015bci, wydajno\u015bci i bezpiecze\u0144stwa Twojej piekarni.\" \/>\n<meta name=\"robots\" content=\"noindex, follow, max-snippet:-1, max-image-preview:large, max-video-preview:-1\" \/>\n<meta property=\"og:locale\" content=\"pl_PL\" \/>\n<meta property=\"og:type\" content=\"article\" \/>\n<meta property=\"og:title\" content=\"Dlaczego SZKOLENIE HACCP ONLINE DLA PIEKARNI\" \/>\n<meta property=\"og:description\" content=\"SZKOLENIE ONLINE HACCP DLA PRACOWNIK\u00d3W PIEKARNI to klucz do zwi\u0119kszenia jako\u015bci, wydajno\u015bci i bezpiecze\u0144stwa Twojej piekarni.\" \/>\n<meta property=\"og:url\" content=\"https:\/\/www.webszkolenie.pl\/staging-webszkol\/dla-piekarni-szkolenie-haccp-online\/\" \/>\n<meta property=\"og:site_name\" content=\"Webszkolenie\" \/>\n<meta property=\"article:modified_time\" content=\"2025-08-02T13:00:52+00:00\" \/>\n<meta name=\"twitter:card\" content=\"summary_large_image\" \/>\n<script type=\"application\/ld+json\" class=\"yoast-schema-graph\">{\"@context\":\"https:\/\/schema.org\",\"@graph\":[{\"@type\":\"WebPage\",\"@id\":\"https:\/\/www.webszkolenie.pl\/staging-webszkol?page_id=18794\",\"url\":\"https:\/\/www.webszkolenie.pl\/staging-webszkol\/dla-piekarni-szkolenie-haccp-online\/\",\"name\":\"Dlaczego SZKOLENIE HACCP ONLINE DLA PIEKARNI\",\"isPartOf\":{\"@id\":\"https:\/\/www.webszkolenie.pl\/staging-webszkol\/en\/#website\"},\"datePublished\":\"2025-07-03T08:36:40+00:00\",\"dateModified\":\"2025-08-02T13:00:52+00:00\",\"description\":\"SZKOLENIE ONLINE HACCP DLA PRACOWNIK\u00d3W PIEKARNI to klucz do zwi\u0119kszenia jako\u015bci, wydajno\u015bci i bezpiecze\u0144stwa Twojej piekarni.\",\"breadcrumb\":{\"@id\":\"https:\/\/www.webszkolenie.pl\/staging-webszkol\/dla-piekarni-szkolenie-haccp-online\/#breadcrumb\"},\"inLanguage\":\"pl-PL\",\"potentialAction\":[{\"@type\":\"ReadAction\",\"target\":[\"https:\/\/www.webszkolenie.pl\/staging-webszkol\/dla-piekarni-szkolenie-haccp-online\/\"]}]},{\"@type\":\"BreadcrumbList\",\"@id\":\"https:\/\/www.webszkolenie.pl\/staging-webszkol\/dla-piekarni-szkolenie-haccp-online\/#breadcrumb\",\"itemListElement\":[{\"@type\":\"ListItem\",\"position\":1,\"name\":\"Home\",\"item\":\"https:\/\/www.webszkolenie.pl\/staging-webszkol\"},{\"@type\":\"ListItem\",\"position\":2,\"name\":\"Dlaczego warto wybra\u0107 SZKOLENIE HACCP ONLINE DLA PIEKARNI?\"}]},{\"@type\":\"WebSite\",\"@id\":\"https:\/\/www.webszkolenie.pl\/staging-webszkol\/en\/#website\",\"url\":\"https:\/\/www.webszkolenie.pl\/staging-webszkol\/en\/\",\"name\":\"Webszkolenie\",\"description\":\"Szkolenia HACCP\",\"publisher\":{\"@id\":\"https:\/\/www.webszkolenie.pl\/staging-webszkol\/en\/#organization\"},\"potentialAction\":[{\"@type\":\"SearchAction\",\"target\":{\"@type\":\"EntryPoint\",\"urlTemplate\":\"https:\/\/www.webszkolenie.pl\/staging-webszkol\/en\/?s={search_term_string}\"},\"query-input\":\"required name=search_term_string\"}],\"inLanguage\":\"pl-PL\"},{\"@type\":\"Organization\",\"@id\":\"https:\/\/www.webszkolenie.pl\/staging-webszkol\/en\/#organization\",\"name\":\"Webskolenie\",\"url\":\"https:\/\/www.webszkolenie.pl\/staging-webszkol\/en\/\",\"logo\":{\"@type\":\"ImageObject\",\"inLanguage\":\"pl-PL\",\"@id\":\"https:\/\/www.webszkolenie.pl\/staging-webszkol\/en\/#\/schema\/logo\/image\/\",\"url\":\"https:\/\/www.webszkolenie.pl\/staging-webszkol\/wp-content\/uploads\/2021\/03\/haccp-online-logo-1.png\",\"contentUrl\":\"https:\/\/www.webszkolenie.pl\/staging-webszkol\/wp-content\/uploads\/2021\/03\/haccp-online-logo-1.png\",\"width\":130,\"height\":129,\"caption\":\"Webskolenie\"},\"image\":{\"@id\":\"https:\/\/www.webszkolenie.pl\/staging-webszkol\/en\/#\/schema\/logo\/image\/\"}}]}<\/script>\n<!-- \/ Yoast SEO plugin. -->","yoast_head_json":{"title":"Dlaczego SZKOLENIE HACCP ONLINE DLA PIEKARNI","description":"SZKOLENIE ONLINE HACCP DLA PRACOWNIK\u00d3W PIEKARNI to klucz do zwi\u0119kszenia jako\u015bci, wydajno\u015bci i bezpiecze\u0144stwa Twojej piekarni.","robots":{"index":"noindex","follow":"follow","max-snippet":"max-snippet:-1","max-image-preview":"max-image-preview:large","max-video-preview":"max-video-preview:-1"},"og_locale":"pl_PL","og_type":"article","og_title":"Dlaczego SZKOLENIE HACCP ONLINE DLA PIEKARNI","og_description":"SZKOLENIE ONLINE HACCP DLA PRACOWNIK\u00d3W PIEKARNI to klucz do zwi\u0119kszenia jako\u015bci, wydajno\u015bci i bezpiecze\u0144stwa Twojej piekarni.","og_url":"https:\/\/www.webszkolenie.pl\/staging-webszkol\/dla-piekarni-szkolenie-haccp-online\/","og_site_name":"Webszkolenie","article_modified_time":"2025-08-02T13:00:52+00:00","twitter_card":"summary_large_image","schema":{"@context":"https:\/\/schema.org","@graph":[{"@type":"WebPage","@id":"https:\/\/www.webszkolenie.pl\/staging-webszkol?page_id=18794","url":"https:\/\/www.webszkolenie.pl\/staging-webszkol\/dla-piekarni-szkolenie-haccp-online\/","name":"Dlaczego SZKOLENIE HACCP ONLINE DLA PIEKARNI","isPartOf":{"@id":"https:\/\/www.webszkolenie.pl\/staging-webszkol\/en\/#website"},"datePublished":"2025-07-03T08:36:40+00:00","dateModified":"2025-08-02T13:00:52+00:00","description":"SZKOLENIE ONLINE HACCP DLA PRACOWNIK\u00d3W PIEKARNI to klucz do zwi\u0119kszenia jako\u015bci, wydajno\u015bci i bezpiecze\u0144stwa Twojej piekarni.","breadcrumb":{"@id":"https:\/\/www.webszkolenie.pl\/staging-webszkol\/dla-piekarni-szkolenie-haccp-online\/#breadcrumb"},"inLanguage":"pl-PL","potentialAction":[{"@type":"ReadAction","target":["https:\/\/www.webszkolenie.pl\/staging-webszkol\/dla-piekarni-szkolenie-haccp-online\/"]}]},{"@type":"BreadcrumbList","@id":"https:\/\/www.webszkolenie.pl\/staging-webszkol\/dla-piekarni-szkolenie-haccp-online\/#breadcrumb","itemListElement":[{"@type":"ListItem","position":1,"name":"Home","item":"https:\/\/www.webszkolenie.pl\/staging-webszkol"},{"@type":"ListItem","position":2,"name":"Dlaczego warto wybra\u0107 SZKOLENIE HACCP ONLINE DLA PIEKARNI?"}]},{"@type":"WebSite","@id":"https:\/\/www.webszkolenie.pl\/staging-webszkol\/en\/#website","url":"https:\/\/www.webszkolenie.pl\/staging-webszkol\/en\/","name":"Webszkolenie","description":"Szkolenia HACCP","publisher":{"@id":"https:\/\/www.webszkolenie.pl\/staging-webszkol\/en\/#organization"},"potentialAction":[{"@type":"SearchAction","target":{"@type":"EntryPoint","urlTemplate":"https:\/\/www.webszkolenie.pl\/staging-webszkol\/en\/?s={search_term_string}"},"query-input":"required name=search_term_string"}],"inLanguage":"pl-PL"},{"@type":"Organization","@id":"https:\/\/www.webszkolenie.pl\/staging-webszkol\/en\/#organization","name":"Webskolenie","url":"https:\/\/www.webszkolenie.pl\/staging-webszkol\/en\/","logo":{"@type":"ImageObject","inLanguage":"pl-PL","@id":"https:\/\/www.webszkolenie.pl\/staging-webszkol\/en\/#\/schema\/logo\/image\/","url":"https:\/\/www.webszkolenie.pl\/staging-webszkol\/wp-content\/uploads\/2021\/03\/haccp-online-logo-1.png","contentUrl":"https:\/\/www.webszkolenie.pl\/staging-webszkol\/wp-content\/uploads\/2021\/03\/haccp-online-logo-1.png","width":130,"height":129,"caption":"Webskolenie"},"image":{"@id":"https:\/\/www.webszkolenie.pl\/staging-webszkol\/en\/#\/schema\/logo\/image\/"}}]}},"_links":{"self":[{"href":"https:\/\/www.webszkolenie.pl\/staging-webszkol\/index.php?rest_route=\/wp\/v2\/pages\/18794"}],"collection":[{"href":"https:\/\/www.webszkolenie.pl\/staging-webszkol\/index.php?rest_route=\/wp\/v2\/pages"}],"about":[{"href":"https:\/\/www.webszkolenie.pl\/staging-webszkol\/index.php?rest_route=\/wp\/v2\/types\/page"}],"author":[{"embeddable":true,"href":"https:\/\/www.webszkolenie.pl\/staging-webszkol\/index.php?rest_route=\/wp\/v2\/users\/93760"}],"replies":[{"embeddable":true,"href":"https:\/\/www.webszkolenie.pl\/staging-webszkol\/index.php?rest_route=%2Fwp%2Fv2%2Fcomments&post=18794"}],"version-history":[{"count":4,"href":"https:\/\/www.webszkolenie.pl\/staging-webszkol\/index.php?rest_route=\/wp\/v2\/pages\/18794\/revisions"}],"predecessor-version":[{"id":18923,"href":"https:\/\/www.webszkolenie.pl\/staging-webszkol\/index.php?rest_route=\/wp\/v2\/pages\/18794\/revisions\/18923"}],"wp:attachment":[{"href":"https:\/\/www.webszkolenie.pl\/staging-webszkol\/index.php?rest_route=%2Fwp%2Fv2%2Fmedia&parent=18794"}],"curies":[{"name":"wp","href":"https:\/\/api.w.org\/{rel}","templated":true}]}}