{"id":18984,"date":"2025-08-19T00:40:21","date_gmt":"2025-08-18T22:40:21","guid":{"rendered":"https:\/\/www.webszkolenie.pl\/?page_id=18984"},"modified":"2025-08-19T00:40:21","modified_gmt":"2025-08-18T22:40:21","slug":"szkolenie-haccp-online-higieny","status":"publish","type":"page","link":"https:\/\/www.webszkolenie.pl\/staging-webszkol?page_id=18984","title":{"rendered":"Szkolenie HACCP online &#8211; standardy bezpiecze\u0144stwa \u017cywno\u015bci"},"content":{"rendered":"","protected":false},"excerpt":{"rendered":"","protected":false},"author":93760,"featured_media":0,"parent":0,"menu_order":0,"comment_status":"closed","ping_status":"closed","template":"","meta":{"_acf_changed":false,"footnotes":""},"acf":[],"yoast_head":"<!-- This site is optimized with the Yoast SEO plugin v22.6 - https:\/\/yoast.com\/wordpress\/plugins\/seo\/ -->\n<title>Szkolenie HACCP online - wiedza z zakresu higieny \u017cywno\u015bci<\/title>\n<meta name=\"description\" content=\"We\u017a udzia\u0142 w szkoleniu HACCP online i zdob\u0105d\u017a uznany certyfikat! Poznaj zasady bezpiecze\u0144stwa \u017cywno\u015bci TUTAJ 24\/7!\" \/>\n<meta name=\"robots\" content=\"noindex, follow, max-snippet:-1, max-image-preview:large, max-video-preview:-1\" \/>\n<meta property=\"og:locale\" content=\"pl_PL\" \/>\n<meta property=\"og:type\" content=\"article\" \/>\n<meta property=\"og:title\" content=\"Szkolenie HACCP online - wiedza z zakresu higieny \u017cywno\u015bci\" \/>\n<meta property=\"og:description\" content=\"We\u017a udzia\u0142 w szkoleniu HACCP online i zdob\u0105d\u017a uznany certyfikat! Poznaj zasady bezpiecze\u0144stwa \u017cywno\u015bci TUTAJ 24\/7!\" \/>\n<meta property=\"og:url\" content=\"https:\/\/www.webszkolenie.pl\/staging-webszkol\/szkolenie-haccp-online-higieny\/\" \/>\n<meta property=\"og:site_name\" content=\"Webszkolenie\" \/>\n<meta name=\"twitter:card\" content=\"summary_large_image\" \/>\n<script type=\"application\/ld+json\" class=\"yoast-schema-graph\">{\"@context\":\"https:\/\/schema.org\",\"@graph\":[{\"@type\":\"WebPage\",\"@id\":\"https:\/\/www.webszkolenie.pl\/staging-webszkol?page_id=18984\",\"url\":\"https:\/\/www.webszkolenie.pl\/staging-webszkol\/szkolenie-haccp-online-higieny\/\",\"name\":\"Szkolenie HACCP online - wiedza z zakresu higieny \u017cywno\u015bci\",\"isPartOf\":{\"@id\":\"https:\/\/www.webszkolenie.pl\/staging-webszkol\/en\/#website\"},\"datePublished\":\"2025-08-18T22:40:21+00:00\",\"dateModified\":\"2025-08-18T22:40:21+00:00\",\"description\":\"We\u017a udzia\u0142 w szkoleniu HACCP online i zdob\u0105d\u017a uznany certyfikat! Poznaj zasady bezpiecze\u0144stwa \u017cywno\u015bci TUTAJ 24\/7!\",\"breadcrumb\":{\"@id\":\"https:\/\/www.webszkolenie.pl\/staging-webszkol\/szkolenie-haccp-online-higieny\/#breadcrumb\"},\"inLanguage\":\"pl-PL\",\"potentialAction\":[{\"@type\":\"ReadAction\",\"target\":[\"https:\/\/www.webszkolenie.pl\/staging-webszkol\/szkolenie-haccp-online-higieny\/\"]}]},{\"@type\":\"BreadcrumbList\",\"@id\":\"https:\/\/www.webszkolenie.pl\/staging-webszkol\/szkolenie-haccp-online-higieny\/#breadcrumb\",\"itemListElement\":[{\"@type\":\"ListItem\",\"position\":1,\"name\":\"Home\",\"item\":\"https:\/\/www.webszkolenie.pl\/staging-webszkol\"},{\"@type\":\"ListItem\",\"position\":2,\"name\":\"Szkolenie HACCP online &#8211; standardy bezpiecze\u0144stwa \u017cywno\u015bci\"}]},{\"@type\":\"WebSite\",\"@id\":\"https:\/\/www.webszkolenie.pl\/staging-webszkol\/en\/#website\",\"url\":\"https:\/\/www.webszkolenie.pl\/staging-webszkol\/en\/\",\"name\":\"Webszkolenie\",\"description\":\"Szkolenia HACCP\",\"publisher\":{\"@id\":\"https:\/\/www.webszkolenie.pl\/staging-webszkol\/en\/#organization\"},\"potentialAction\":[{\"@type\":\"SearchAction\",\"target\":{\"@type\":\"EntryPoint\",\"urlTemplate\":\"https:\/\/www.webszkolenie.pl\/staging-webszkol\/en\/?s={search_term_string}\"},\"query-input\":\"required name=search_term_string\"}],\"inLanguage\":\"pl-PL\"},{\"@type\":\"Organization\",\"@id\":\"https:\/\/www.webszkolenie.pl\/staging-webszkol\/en\/#organization\",\"name\":\"Webskolenie\",\"url\":\"https:\/\/www.webszkolenie.pl\/staging-webszkol\/en\/\",\"logo\":{\"@type\":\"ImageObject\",\"inLanguage\":\"pl-PL\",\"@id\":\"https:\/\/www.webszkolenie.pl\/staging-webszkol\/en\/#\/schema\/logo\/image\/\",\"url\":\"https:\/\/www.webszkolenie.pl\/staging-webszkol\/wp-content\/uploads\/2021\/03\/haccp-online-logo-1.png\",\"contentUrl\":\"https:\/\/www.webszkolenie.pl\/staging-webszkol\/wp-content\/uploads\/2021\/03\/haccp-online-logo-1.png\",\"width\":130,\"height\":129,\"caption\":\"Webskolenie\"},\"image\":{\"@id\":\"https:\/\/www.webszkolenie.pl\/staging-webszkol\/en\/#\/schema\/logo\/image\/\"}}]}<\/script>\n<!-- \/ Yoast SEO plugin. -->","yoast_head_json":{"title":"Szkolenie HACCP online - wiedza z zakresu higieny \u017cywno\u015bci","description":"We\u017a udzia\u0142 w szkoleniu HACCP online i zdob\u0105d\u017a uznany certyfikat! Poznaj zasady bezpiecze\u0144stwa \u017cywno\u015bci TUTAJ 24\/7!","robots":{"index":"noindex","follow":"follow","max-snippet":"max-snippet:-1","max-image-preview":"max-image-preview:large","max-video-preview":"max-video-preview:-1"},"og_locale":"pl_PL","og_type":"article","og_title":"Szkolenie HACCP online - wiedza z zakresu higieny \u017cywno\u015bci","og_description":"We\u017a udzia\u0142 w szkoleniu HACCP online i zdob\u0105d\u017a uznany certyfikat! Poznaj zasady bezpiecze\u0144stwa \u017cywno\u015bci TUTAJ 24\/7!","og_url":"https:\/\/www.webszkolenie.pl\/staging-webszkol\/szkolenie-haccp-online-higieny\/","og_site_name":"Webszkolenie","twitter_card":"summary_large_image","schema":{"@context":"https:\/\/schema.org","@graph":[{"@type":"WebPage","@id":"https:\/\/www.webszkolenie.pl\/staging-webszkol?page_id=18984","url":"https:\/\/www.webszkolenie.pl\/staging-webszkol\/szkolenie-haccp-online-higieny\/","name":"Szkolenie HACCP online - wiedza z zakresu higieny \u017cywno\u015bci","isPartOf":{"@id":"https:\/\/www.webszkolenie.pl\/staging-webszkol\/en\/#website"},"datePublished":"2025-08-18T22:40:21+00:00","dateModified":"2025-08-18T22:40:21+00:00","description":"We\u017a udzia\u0142 w szkoleniu HACCP online i zdob\u0105d\u017a uznany certyfikat! Poznaj zasady bezpiecze\u0144stwa \u017cywno\u015bci TUTAJ 24\/7!","breadcrumb":{"@id":"https:\/\/www.webszkolenie.pl\/staging-webszkol\/szkolenie-haccp-online-higieny\/#breadcrumb"},"inLanguage":"pl-PL","potentialAction":[{"@type":"ReadAction","target":["https:\/\/www.webszkolenie.pl\/staging-webszkol\/szkolenie-haccp-online-higieny\/"]}]},{"@type":"BreadcrumbList","@id":"https:\/\/www.webszkolenie.pl\/staging-webszkol\/szkolenie-haccp-online-higieny\/#breadcrumb","itemListElement":[{"@type":"ListItem","position":1,"name":"Home","item":"https:\/\/www.webszkolenie.pl\/staging-webszkol"},{"@type":"ListItem","position":2,"name":"Szkolenie HACCP online &#8211; standardy bezpiecze\u0144stwa \u017cywno\u015bci"}]},{"@type":"WebSite","@id":"https:\/\/www.webszkolenie.pl\/staging-webszkol\/en\/#website","url":"https:\/\/www.webszkolenie.pl\/staging-webszkol\/en\/","name":"Webszkolenie","description":"Szkolenia HACCP","publisher":{"@id":"https:\/\/www.webszkolenie.pl\/staging-webszkol\/en\/#organization"},"potentialAction":[{"@type":"SearchAction","target":{"@type":"EntryPoint","urlTemplate":"https:\/\/www.webszkolenie.pl\/staging-webszkol\/en\/?s={search_term_string}"},"query-input":"required name=search_term_string"}],"inLanguage":"pl-PL"},{"@type":"Organization","@id":"https:\/\/www.webszkolenie.pl\/staging-webszkol\/en\/#organization","name":"Webskolenie","url":"https:\/\/www.webszkolenie.pl\/staging-webszkol\/en\/","logo":{"@type":"ImageObject","inLanguage":"pl-PL","@id":"https:\/\/www.webszkolenie.pl\/staging-webszkol\/en\/#\/schema\/logo\/image\/","url":"https:\/\/www.webszkolenie.pl\/staging-webszkol\/wp-content\/uploads\/2021\/03\/haccp-online-logo-1.png","contentUrl":"https:\/\/www.webszkolenie.pl\/staging-webszkol\/wp-content\/uploads\/2021\/03\/haccp-online-logo-1.png","width":130,"height":129,"caption":"Webskolenie"},"image":{"@id":"https:\/\/www.webszkolenie.pl\/staging-webszkol\/en\/#\/schema\/logo\/image\/"}}]}},"_links":{"self":[{"href":"https:\/\/www.webszkolenie.pl\/staging-webszkol\/index.php?rest_route=\/wp\/v2\/pages\/18984"}],"collection":[{"href":"https:\/\/www.webszkolenie.pl\/staging-webszkol\/index.php?rest_route=\/wp\/v2\/pages"}],"about":[{"href":"https:\/\/www.webszkolenie.pl\/staging-webszkol\/index.php?rest_route=\/wp\/v2\/types\/page"}],"author":[{"embeddable":true,"href":"https:\/\/www.webszkolenie.pl\/staging-webszkol\/index.php?rest_route=\/wp\/v2\/users\/93760"}],"replies":[{"embeddable":true,"href":"https:\/\/www.webszkolenie.pl\/staging-webszkol\/index.php?rest_route=%2Fwp%2Fv2%2Fcomments&post=18984"}],"version-history":[{"count":2,"href":"https:\/\/www.webszkolenie.pl\/staging-webszkol\/index.php?rest_route=\/wp\/v2\/pages\/18984\/revisions"}],"predecessor-version":[{"id":18986,"href":"https:\/\/www.webszkolenie.pl\/staging-webszkol\/index.php?rest_route=\/wp\/v2\/pages\/18984\/revisions\/18986"}],"wp:attachment":[{"href":"https:\/\/www.webszkolenie.pl\/staging-webszkol\/index.php?rest_route=%2Fwp%2Fv2%2Fmedia&parent=18984"}],"curies":[{"name":"wp","href":"https:\/\/api.w.org\/{rel}","templated":true}]}}