{"id":6415,"date":"2020-10-17T10:39:36","date_gmt":"2020-10-17T07:39:36","guid":{"rendered":"https:\/\/www.webszkolenie.pl\/lietosanas-noteikumi\/"},"modified":"2025-09-02T14:30:29","modified_gmt":"2025-09-02T12:30:29","slug":"warunki-korzystania","status":"publish","type":"page","link":"https:\/\/www.webszkolenie.pl\/staging-webszkol?page_id=6415","title":{"rendered":"Warunki korzystania"},"content":{"rendered":"","protected":false},"excerpt":{"rendered":"","protected":false},"author":102,"featured_media":0,"parent":0,"menu_order":0,"comment_status":"closed","ping_status":"closed","template":"","meta":{"_acf_changed":false,"footnotes":""},"acf":[],"yoast_head":"<!-- This site is optimized with the Yoast SEO plugin v22.6 - https:\/\/yoast.com\/wordpress\/plugins\/seo\/ -->\n<title>Szkolenie HACCP, BHP online- warunki korzystania<\/title>\n<meta name=\"description\" content=\"Najlepsze rozwi\u0105zanie! Webszkolenie gwarantuje wszystkim pe\u0142ny zwrot koszt\u00f3w szkolenia, je\u015bli szkolenie online nie spe\u0142ni oczekiwa\u0144 zamawiaj\u0105cego.\" \/>\n<meta name=\"robots\" content=\"noindex, follow, max-snippet:-1, max-image-preview:large, max-video-preview:-1\" \/>\n<meta property=\"og:locale\" content=\"pl_PL\" \/>\n<meta property=\"og:type\" content=\"article\" \/>\n<meta property=\"og:title\" content=\"Szkolenie HACCP, BHP online- warunki korzystania\" \/>\n<meta property=\"og:description\" content=\"Najlepsze rozwi\u0105zanie! Webszkolenie gwarantuje wszystkim pe\u0142ny zwrot koszt\u00f3w szkolenia, je\u015bli szkolenie online nie spe\u0142ni oczekiwa\u0144 zamawiaj\u0105cego.\" \/>\n<meta property=\"og:url\" content=\"https:\/\/www.webszkolenie.pl\/staging-webszkol\/warunki-korzystania\/\" \/>\n<meta property=\"og:site_name\" content=\"Webszkolenie\" \/>\n<meta property=\"article:modified_time\" content=\"2025-09-02T12:30:29+00:00\" \/>\n<meta name=\"twitter:card\" content=\"summary_large_image\" \/>\n<meta name=\"twitter:label1\" content=\"Szacowany czas czytania\" \/>\n\t<meta name=\"twitter:data1\" content=\"1 minuta\" \/>\n<script type=\"application\/ld+json\" class=\"yoast-schema-graph\">{\"@context\":\"https:\/\/schema.org\",\"@graph\":[{\"@type\":\"WebPage\",\"@id\":\"https:\/\/www.webszkolenie.pl\/staging-webszkol?page_id=6415\",\"url\":\"https:\/\/www.webszkolenie.pl\/staging-webszkol\/warunki-korzystania\/\",\"name\":\"Szkolenie HACCP, BHP online- warunki korzystania\",\"isPartOf\":{\"@id\":\"https:\/\/www.webszkolenie.pl\/staging-webszkol\/en\/#website\"},\"datePublished\":\"2020-10-17T07:39:36+00:00\",\"dateModified\":\"2025-09-02T12:30:29+00:00\",\"description\":\"Najlepsze rozwi\u0105zanie! Webszkolenie gwarantuje wszystkim pe\u0142ny zwrot koszt\u00f3w szkolenia, je\u015bli szkolenie online nie spe\u0142ni oczekiwa\u0144 zamawiaj\u0105cego.\",\"breadcrumb\":{\"@id\":\"https:\/\/www.webszkolenie.pl\/staging-webszkol\/warunki-korzystania\/#breadcrumb\"},\"inLanguage\":\"pl-PL\",\"potentialAction\":[{\"@type\":\"ReadAction\",\"target\":[\"https:\/\/www.webszkolenie.pl\/staging-webszkol\/warunki-korzystania\/\"]}]},{\"@type\":\"BreadcrumbList\",\"@id\":\"https:\/\/www.webszkolenie.pl\/staging-webszkol\/warunki-korzystania\/#breadcrumb\",\"itemListElement\":[{\"@type\":\"ListItem\",\"position\":1,\"name\":\"Home\",\"item\":\"https:\/\/www.webszkolenie.pl\/staging-webszkol\"},{\"@type\":\"ListItem\",\"position\":2,\"name\":\"Warunki korzystania\"}]},{\"@type\":\"WebSite\",\"@id\":\"https:\/\/www.webszkolenie.pl\/staging-webszkol\/en\/#website\",\"url\":\"https:\/\/www.webszkolenie.pl\/staging-webszkol\/en\/\",\"name\":\"Webszkolenie\",\"description\":\"Szkolenia HACCP\",\"publisher\":{\"@id\":\"https:\/\/www.webszkolenie.pl\/staging-webszkol\/en\/#organization\"},\"potentialAction\":[{\"@type\":\"SearchAction\",\"target\":{\"@type\":\"EntryPoint\",\"urlTemplate\":\"https:\/\/www.webszkolenie.pl\/staging-webszkol\/en\/?s={search_term_string}\"},\"query-input\":\"required name=search_term_string\"}],\"inLanguage\":\"pl-PL\"},{\"@type\":\"Organization\",\"@id\":\"https:\/\/www.webszkolenie.pl\/staging-webszkol\/en\/#organization\",\"name\":\"Webskolenie\",\"url\":\"https:\/\/www.webszkolenie.pl\/staging-webszkol\/en\/\",\"logo\":{\"@type\":\"ImageObject\",\"inLanguage\":\"pl-PL\",\"@id\":\"https:\/\/www.webszkolenie.pl\/staging-webszkol\/en\/#\/schema\/logo\/image\/\",\"url\":\"https:\/\/www.webszkolenie.pl\/staging-webszkol\/wp-content\/uploads\/2021\/03\/haccp-online-logo-1.png\",\"contentUrl\":\"https:\/\/www.webszkolenie.pl\/staging-webszkol\/wp-content\/uploads\/2021\/03\/haccp-online-logo-1.png\",\"width\":130,\"height\":129,\"caption\":\"Webskolenie\"},\"image\":{\"@id\":\"https:\/\/www.webszkolenie.pl\/staging-webszkol\/en\/#\/schema\/logo\/image\/\"}}]}<\/script>\n<!-- \/ Yoast SEO plugin. -->","yoast_head_json":{"title":"Szkolenie HACCP, BHP online- warunki korzystania","description":"Najlepsze rozwi\u0105zanie! Webszkolenie gwarantuje wszystkim pe\u0142ny zwrot koszt\u00f3w szkolenia, je\u015bli szkolenie online nie spe\u0142ni oczekiwa\u0144 zamawiaj\u0105cego.","robots":{"index":"noindex","follow":"follow","max-snippet":"max-snippet:-1","max-image-preview":"max-image-preview:large","max-video-preview":"max-video-preview:-1"},"og_locale":"pl_PL","og_type":"article","og_title":"Szkolenie HACCP, BHP online- warunki korzystania","og_description":"Najlepsze rozwi\u0105zanie! Webszkolenie gwarantuje wszystkim pe\u0142ny zwrot koszt\u00f3w szkolenia, je\u015bli szkolenie online nie spe\u0142ni oczekiwa\u0144 zamawiaj\u0105cego.","og_url":"https:\/\/www.webszkolenie.pl\/staging-webszkol\/warunki-korzystania\/","og_site_name":"Webszkolenie","article_modified_time":"2025-09-02T12:30:29+00:00","twitter_card":"summary_large_image","twitter_misc":{"Szacowany czas czytania":"1 minuta"},"schema":{"@context":"https:\/\/schema.org","@graph":[{"@type":"WebPage","@id":"https:\/\/www.webszkolenie.pl\/staging-webszkol?page_id=6415","url":"https:\/\/www.webszkolenie.pl\/staging-webszkol\/warunki-korzystania\/","name":"Szkolenie HACCP, BHP online- warunki korzystania","isPartOf":{"@id":"https:\/\/www.webszkolenie.pl\/staging-webszkol\/en\/#website"},"datePublished":"2020-10-17T07:39:36+00:00","dateModified":"2025-09-02T12:30:29+00:00","description":"Najlepsze rozwi\u0105zanie! Webszkolenie gwarantuje wszystkim pe\u0142ny zwrot koszt\u00f3w szkolenia, je\u015bli szkolenie online nie spe\u0142ni oczekiwa\u0144 zamawiaj\u0105cego.","breadcrumb":{"@id":"https:\/\/www.webszkolenie.pl\/staging-webszkol\/warunki-korzystania\/#breadcrumb"},"inLanguage":"pl-PL","potentialAction":[{"@type":"ReadAction","target":["https:\/\/www.webszkolenie.pl\/staging-webszkol\/warunki-korzystania\/"]}]},{"@type":"BreadcrumbList","@id":"https:\/\/www.webszkolenie.pl\/staging-webszkol\/warunki-korzystania\/#breadcrumb","itemListElement":[{"@type":"ListItem","position":1,"name":"Home","item":"https:\/\/www.webszkolenie.pl\/staging-webszkol"},{"@type":"ListItem","position":2,"name":"Warunki korzystania"}]},{"@type":"WebSite","@id":"https:\/\/www.webszkolenie.pl\/staging-webszkol\/en\/#website","url":"https:\/\/www.webszkolenie.pl\/staging-webszkol\/en\/","name":"Webszkolenie","description":"Szkolenia HACCP","publisher":{"@id":"https:\/\/www.webszkolenie.pl\/staging-webszkol\/en\/#organization"},"potentialAction":[{"@type":"SearchAction","target":{"@type":"EntryPoint","urlTemplate":"https:\/\/www.webszkolenie.pl\/staging-webszkol\/en\/?s={search_term_string}"},"query-input":"required name=search_term_string"}],"inLanguage":"pl-PL"},{"@type":"Organization","@id":"https:\/\/www.webszkolenie.pl\/staging-webszkol\/en\/#organization","name":"Webskolenie","url":"https:\/\/www.webszkolenie.pl\/staging-webszkol\/en\/","logo":{"@type":"ImageObject","inLanguage":"pl-PL","@id":"https:\/\/www.webszkolenie.pl\/staging-webszkol\/en\/#\/schema\/logo\/image\/","url":"https:\/\/www.webszkolenie.pl\/staging-webszkol\/wp-content\/uploads\/2021\/03\/haccp-online-logo-1.png","contentUrl":"https:\/\/www.webszkolenie.pl\/staging-webszkol\/wp-content\/uploads\/2021\/03\/haccp-online-logo-1.png","width":130,"height":129,"caption":"Webskolenie"},"image":{"@id":"https:\/\/www.webszkolenie.pl\/staging-webszkol\/en\/#\/schema\/logo\/image\/"}}]}},"_links":{"self":[{"href":"https:\/\/www.webszkolenie.pl\/staging-webszkol\/index.php?rest_route=\/wp\/v2\/pages\/6415"}],"collection":[{"href":"https:\/\/www.webszkolenie.pl\/staging-webszkol\/index.php?rest_route=\/wp\/v2\/pages"}],"about":[{"href":"https:\/\/www.webszkolenie.pl\/staging-webszkol\/index.php?rest_route=\/wp\/v2\/types\/page"}],"author":[{"embeddable":true,"href":"https:\/\/www.webszkolenie.pl\/staging-webszkol\/index.php?rest_route=\/wp\/v2\/users\/102"}],"replies":[{"embeddable":true,"href":"https:\/\/www.webszkolenie.pl\/staging-webszkol\/index.php?rest_route=%2Fwp%2Fv2%2Fcomments&post=6415"}],"version-history":[{"count":10,"href":"https:\/\/www.webszkolenie.pl\/staging-webszkol\/index.php?rest_route=\/wp\/v2\/pages\/6415\/revisions"}],"predecessor-version":[{"id":16180,"href":"https:\/\/www.webszkolenie.pl\/staging-webszkol\/index.php?rest_route=\/wp\/v2\/pages\/6415\/revisions\/16180"}],"wp:attachment":[{"href":"https:\/\/www.webszkolenie.pl\/staging-webszkol\/index.php?rest_route=%2Fwp%2Fv2%2Fmedia&parent=6415"}],"curies":[{"name":"wp","href":"https:\/\/api.w.org\/{rel}","templated":true}]}}