{"id":6449,"date":"2017-09-26T16:27:43","date_gmt":"2017-09-26T13:27:43","guid":{"rendered":"https:\/\/www.webszkolenie.pl\/kontakti\/"},"modified":"2025-09-02T21:57:06","modified_gmt":"2025-09-02T19:57:06","slug":"kontakt","status":"publish","type":"page","link":"https:\/\/www.webszkolenie.pl\/staging-webszkol?page_id=6449","title":{"rendered":"Pytania dotycz\u0105ce szkolenia BHP lub HACCP? Skontaktuj z nami!"},"content":{"rendered":"","protected":false},"excerpt":{"rendered":"","protected":false},"author":102,"featured_media":19080,"parent":0,"menu_order":0,"comment_status":"closed","ping_status":"closed","template":"","meta":{"_acf_changed":false,"footnotes":""},"acf":[],"yoast_head":"<!-- This site is optimized with the Yoast SEO plugin v22.6 - https:\/\/yoast.com\/wordpress\/plugins\/seo\/ -->\n<title>E-szkolenie GHP, GMP, HACCP, BHP I Kontakt<\/title>\n<meta name=\"description\" content=\"Je\u015bli potrzebujesz szybkiej odpowiedzi, zadzwo\u0144 do nas. E-szkolenie GHP, GMP, HACCP, BHP jest dost\u0119pne 24 godziny na dob\u0119, 7 dni w tygodniu.\" \/>\n<meta name=\"robots\" content=\"noindex, follow, max-snippet:-1, max-image-preview:large, max-video-preview:-1\" \/>\n<meta property=\"og:locale\" content=\"pl_PL\" \/>\n<meta property=\"og:type\" content=\"article\" \/>\n<meta property=\"og:title\" content=\"E-szkolenie GHP, GMP, HACCP, BHP I Kontakt\" \/>\n<meta property=\"og:description\" content=\"Je\u015bli potrzebujesz szybkiej odpowiedzi, zadzwo\u0144 do nas. E-szkolenie GHP, GMP, HACCP, BHP jest dost\u0119pne 24 godziny na dob\u0119, 7 dni w tygodniu.\" \/>\n<meta property=\"og:url\" content=\"https:\/\/www.webszkolenie.pl\/staging-webszkol\/kontakt\/\" \/>\n<meta property=\"og:site_name\" content=\"Webszkolenie\" \/>\n<meta property=\"article:modified_time\" content=\"2025-09-02T19:57:06+00:00\" \/>\n<meta property=\"og:image\" content=\"https:\/\/www.webszkolenie.pl\/staging-webszkol\/wp-content\/uploads\/2025\/09\/page-title-background.jpg\" \/>\n\t<meta property=\"og:image:width\" content=\"1469\" \/>\n\t<meta property=\"og:image:height\" content=\"427\" \/>\n\t<meta property=\"og:image:type\" content=\"image\/jpeg\" \/>\n<meta name=\"twitter:card\" content=\"summary_large_image\" \/>\n<meta name=\"twitter:label1\" content=\"Szacowany czas czytania\" \/>\n\t<meta name=\"twitter:data1\" content=\"1 minuta\" \/>\n<script type=\"application\/ld+json\" class=\"yoast-schema-graph\">{\"@context\":\"https:\/\/schema.org\",\"@graph\":[{\"@type\":\"WebPage\",\"@id\":\"https:\/\/www.webszkolenie.pl\/staging-webszkol?page_id=6449\",\"url\":\"https:\/\/www.webszkolenie.pl\/staging-webszkol\/kontakt\/\",\"name\":\"E-szkolenie GHP, GMP, HACCP, BHP I Kontakt\",\"isPartOf\":{\"@id\":\"https:\/\/www.webszkolenie.pl\/staging-webszkol\/en\/#website\"},\"primaryImageOfPage\":{\"@id\":\"https:\/\/www.webszkolenie.pl\/staging-webszkol\/kontakt\/#primaryimage\"},\"image\":{\"@id\":\"https:\/\/www.webszkolenie.pl\/staging-webszkol\/kontakt\/#primaryimage\"},\"thumbnailUrl\":\"https:\/\/www.webszkolenie.pl\/staging-webszkol\/wp-content\/uploads\/2025\/09\/page-title-background.jpg\",\"datePublished\":\"2017-09-26T13:27:43+00:00\",\"dateModified\":\"2025-09-02T19:57:06+00:00\",\"description\":\"Je\u015bli potrzebujesz szybkiej odpowiedzi, zadzwo\u0144 do nas. E-szkolenie GHP, GMP, HACCP, BHP jest dost\u0119pne 24 godziny na dob\u0119, 7 dni w tygodniu.\",\"breadcrumb\":{\"@id\":\"https:\/\/www.webszkolenie.pl\/staging-webszkol\/kontakt\/#breadcrumb\"},\"inLanguage\":\"pl-PL\",\"potentialAction\":[{\"@type\":\"ReadAction\",\"target\":[\"https:\/\/www.webszkolenie.pl\/staging-webszkol\/kontakt\/\"]}]},{\"@type\":\"ImageObject\",\"inLanguage\":\"pl-PL\",\"@id\":\"https:\/\/www.webszkolenie.pl\/staging-webszkol\/kontakt\/#primaryimage\",\"url\":\"https:\/\/www.webszkolenie.pl\/staging-webszkol\/wp-content\/uploads\/2025\/09\/page-title-background.jpg\",\"contentUrl\":\"https:\/\/www.webszkolenie.pl\/staging-webszkol\/wp-content\/uploads\/2025\/09\/page-title-background.jpg\",\"width\":1469,\"height\":427},{\"@type\":\"BreadcrumbList\",\"@id\":\"https:\/\/www.webszkolenie.pl\/staging-webszkol\/kontakt\/#breadcrumb\",\"itemListElement\":[{\"@type\":\"ListItem\",\"position\":1,\"name\":\"Home\",\"item\":\"https:\/\/www.webszkolenie.pl\/staging-webszkol\"},{\"@type\":\"ListItem\",\"position\":2,\"name\":\"Pytania dotycz\u0105ce szkolenia BHP lub HACCP? Skontaktuj z nami!\"}]},{\"@type\":\"WebSite\",\"@id\":\"https:\/\/www.webszkolenie.pl\/staging-webszkol\/en\/#website\",\"url\":\"https:\/\/www.webszkolenie.pl\/staging-webszkol\/en\/\",\"name\":\"Webszkolenie\",\"description\":\"Szkolenia HACCP\",\"publisher\":{\"@id\":\"https:\/\/www.webszkolenie.pl\/staging-webszkol\/en\/#organization\"},\"potentialAction\":[{\"@type\":\"SearchAction\",\"target\":{\"@type\":\"EntryPoint\",\"urlTemplate\":\"https:\/\/www.webszkolenie.pl\/staging-webszkol\/en\/?s={search_term_string}\"},\"query-input\":\"required name=search_term_string\"}],\"inLanguage\":\"pl-PL\"},{\"@type\":\"Organization\",\"@id\":\"https:\/\/www.webszkolenie.pl\/staging-webszkol\/en\/#organization\",\"name\":\"Webskolenie\",\"url\":\"https:\/\/www.webszkolenie.pl\/staging-webszkol\/en\/\",\"logo\":{\"@type\":\"ImageObject\",\"inLanguage\":\"pl-PL\",\"@id\":\"https:\/\/www.webszkolenie.pl\/staging-webszkol\/en\/#\/schema\/logo\/image\/\",\"url\":\"https:\/\/www.webszkolenie.pl\/staging-webszkol\/wp-content\/uploads\/2021\/03\/haccp-online-logo-1.png\",\"contentUrl\":\"https:\/\/www.webszkolenie.pl\/staging-webszkol\/wp-content\/uploads\/2021\/03\/haccp-online-logo-1.png\",\"width\":130,\"height\":129,\"caption\":\"Webskolenie\"},\"image\":{\"@id\":\"https:\/\/www.webszkolenie.pl\/staging-webszkol\/en\/#\/schema\/logo\/image\/\"}}]}<\/script>\n<!-- \/ Yoast SEO plugin. -->","yoast_head_json":{"title":"E-szkolenie GHP, GMP, HACCP, BHP I Kontakt","description":"Je\u015bli potrzebujesz szybkiej odpowiedzi, zadzwo\u0144 do nas. E-szkolenie GHP, GMP, HACCP, BHP jest dost\u0119pne 24 godziny na dob\u0119, 7 dni w tygodniu.","robots":{"index":"noindex","follow":"follow","max-snippet":"max-snippet:-1","max-image-preview":"max-image-preview:large","max-video-preview":"max-video-preview:-1"},"og_locale":"pl_PL","og_type":"article","og_title":"E-szkolenie GHP, GMP, HACCP, BHP I Kontakt","og_description":"Je\u015bli potrzebujesz szybkiej odpowiedzi, zadzwo\u0144 do nas. E-szkolenie GHP, GMP, HACCP, BHP jest dost\u0119pne 24 godziny na dob\u0119, 7 dni w tygodniu.","og_url":"https:\/\/www.webszkolenie.pl\/staging-webszkol\/kontakt\/","og_site_name":"Webszkolenie","article_modified_time":"2025-09-02T19:57:06+00:00","og_image":[{"width":1469,"height":427,"url":"https:\/\/www.webszkolenie.pl\/staging-webszkol\/wp-content\/uploads\/2025\/09\/page-title-background.jpg","type":"image\/jpeg"}],"twitter_card":"summary_large_image","twitter_misc":{"Szacowany czas czytania":"1 minuta"},"schema":{"@context":"https:\/\/schema.org","@graph":[{"@type":"WebPage","@id":"https:\/\/www.webszkolenie.pl\/staging-webszkol?page_id=6449","url":"https:\/\/www.webszkolenie.pl\/staging-webszkol\/kontakt\/","name":"E-szkolenie GHP, GMP, HACCP, BHP I Kontakt","isPartOf":{"@id":"https:\/\/www.webszkolenie.pl\/staging-webszkol\/en\/#website"},"primaryImageOfPage":{"@id":"https:\/\/www.webszkolenie.pl\/staging-webszkol\/kontakt\/#primaryimage"},"image":{"@id":"https:\/\/www.webszkolenie.pl\/staging-webszkol\/kontakt\/#primaryimage"},"thumbnailUrl":"https:\/\/www.webszkolenie.pl\/staging-webszkol\/wp-content\/uploads\/2025\/09\/page-title-background.jpg","datePublished":"2017-09-26T13:27:43+00:00","dateModified":"2025-09-02T19:57:06+00:00","description":"Je\u015bli potrzebujesz szybkiej odpowiedzi, zadzwo\u0144 do nas. E-szkolenie GHP, GMP, HACCP, BHP jest dost\u0119pne 24 godziny na dob\u0119, 7 dni w tygodniu.","breadcrumb":{"@id":"https:\/\/www.webszkolenie.pl\/staging-webszkol\/kontakt\/#breadcrumb"},"inLanguage":"pl-PL","potentialAction":[{"@type":"ReadAction","target":["https:\/\/www.webszkolenie.pl\/staging-webszkol\/kontakt\/"]}]},{"@type":"ImageObject","inLanguage":"pl-PL","@id":"https:\/\/www.webszkolenie.pl\/staging-webszkol\/kontakt\/#primaryimage","url":"https:\/\/www.webszkolenie.pl\/staging-webszkol\/wp-content\/uploads\/2025\/09\/page-title-background.jpg","contentUrl":"https:\/\/www.webszkolenie.pl\/staging-webszkol\/wp-content\/uploads\/2025\/09\/page-title-background.jpg","width":1469,"height":427},{"@type":"BreadcrumbList","@id":"https:\/\/www.webszkolenie.pl\/staging-webszkol\/kontakt\/#breadcrumb","itemListElement":[{"@type":"ListItem","position":1,"name":"Home","item":"https:\/\/www.webszkolenie.pl\/staging-webszkol"},{"@type":"ListItem","position":2,"name":"Pytania dotycz\u0105ce szkolenia BHP lub HACCP? Skontaktuj z nami!"}]},{"@type":"WebSite","@id":"https:\/\/www.webszkolenie.pl\/staging-webszkol\/en\/#website","url":"https:\/\/www.webszkolenie.pl\/staging-webszkol\/en\/","name":"Webszkolenie","description":"Szkolenia HACCP","publisher":{"@id":"https:\/\/www.webszkolenie.pl\/staging-webszkol\/en\/#organization"},"potentialAction":[{"@type":"SearchAction","target":{"@type":"EntryPoint","urlTemplate":"https:\/\/www.webszkolenie.pl\/staging-webszkol\/en\/?s={search_term_string}"},"query-input":"required name=search_term_string"}],"inLanguage":"pl-PL"},{"@type":"Organization","@id":"https:\/\/www.webszkolenie.pl\/staging-webszkol\/en\/#organization","name":"Webskolenie","url":"https:\/\/www.webszkolenie.pl\/staging-webszkol\/en\/","logo":{"@type":"ImageObject","inLanguage":"pl-PL","@id":"https:\/\/www.webszkolenie.pl\/staging-webszkol\/en\/#\/schema\/logo\/image\/","url":"https:\/\/www.webszkolenie.pl\/staging-webszkol\/wp-content\/uploads\/2021\/03\/haccp-online-logo-1.png","contentUrl":"https:\/\/www.webszkolenie.pl\/staging-webszkol\/wp-content\/uploads\/2021\/03\/haccp-online-logo-1.png","width":130,"height":129,"caption":"Webskolenie"},"image":{"@id":"https:\/\/www.webszkolenie.pl\/staging-webszkol\/en\/#\/schema\/logo\/image\/"}}]}},"_links":{"self":[{"href":"https:\/\/www.webszkolenie.pl\/staging-webszkol\/index.php?rest_route=\/wp\/v2\/pages\/6449"}],"collection":[{"href":"https:\/\/www.webszkolenie.pl\/staging-webszkol\/index.php?rest_route=\/wp\/v2\/pages"}],"about":[{"href":"https:\/\/www.webszkolenie.pl\/staging-webszkol\/index.php?rest_route=\/wp\/v2\/types\/page"}],"author":[{"embeddable":true,"href":"https:\/\/www.webszkolenie.pl\/staging-webszkol\/index.php?rest_route=\/wp\/v2\/users\/102"}],"replies":[{"embeddable":true,"href":"https:\/\/www.webszkolenie.pl\/staging-webszkol\/index.php?rest_route=%2Fwp%2Fv2%2Fcomments&post=6449"}],"version-history":[{"count":10,"href":"https:\/\/www.webszkolenie.pl\/staging-webszkol\/index.php?rest_route=\/wp\/v2\/pages\/6449\/revisions"}],"predecessor-version":[{"id":19225,"href":"https:\/\/www.webszkolenie.pl\/staging-webszkol\/index.php?rest_route=\/wp\/v2\/pages\/6449\/revisions\/19225"}],"wp:featuredmedia":[{"embeddable":true,"href":"https:\/\/www.webszkolenie.pl\/staging-webszkol\/index.php?rest_route=\/wp\/v2\/media\/19080"}],"wp:attachment":[{"href":"https:\/\/www.webszkolenie.pl\/staging-webszkol\/index.php?rest_route=%2Fwp%2Fv2%2Fmedia&parent=6449"}],"curies":[{"name":"wp","href":"https:\/\/api.w.org\/{rel}","templated":true}]}}